{"id":11,"date":"2021-02-04T09:02:00","date_gmt":"2021-02-04T08:02:00","guid":{"rendered":"https:\/\/www.besteabos.ch\/?page_id=11"},"modified":"2025-10-16T12:37:59","modified_gmt":"2025-10-16T10:37:59","slug":"terms-conditions","status":"publish","type":"page","link":"https:\/\/www.besteabos.ch\/en\/impressum\/","title":{"rendered":"impressum"},"content":{"rendered":"<div style=\"height:20px\" aria-hidden=\"true\" class=\"wp-block-spacer\"><\/div>\n\n\n\n<h1 class=\"wp-block-heading\">Terms &amp; conditions<\/h1>\n\n\n\n<p>Diese Benutzungbedingungen sollen die Benutzung der Website Services BesteAbos.ch festlegen und regeln, sowie die Rechtsbeziehungen zwischen den Benutzern der Website und der Gesellschaft BesteAbos (nachfolgend \u00ab die Website \u00bb genannt) Herausgeber der Website.&nbsp;Diese allgemeinen Gesch\u00e4ftsbedingungen werden durch das BesteAbos Unternehmen den Benutzern zur Verf\u00fcgnung gestellt.<\/p>\n\n\n\n<h2 class=\"wp-block-heading\">Begriffsbestimmungen<\/h2>\n\n\n\n<ul class=\"wp-block-list\">\n<li>Dienstleistungen : bezeichnet die Dienstleistungen, die von der Gesellschaft auf ihrer Website zur Verf\u00fcgung gestellt werden.<\/li>\n\n\n\n<li>Website : bezeichnet die BesteAbos Website, zu der der Onliner Zugang hat.<\/li>\n\n\n\n<li>Gesellschaft : ist die BesteAbos Gesellschaft.<\/li>\n\n\n\n<li>Benutzer : jede nat\u00fcrliche oder juristische Person, die zu der BesteAbos.ch Website Zugang hat, innerhalb eines privaten oder gesch\u00e4ftlichen Gebrauchs.<\/li>\n<\/ul>\n\n\n\n<h2 class=\"wp-block-heading\">Anwendungbereich<\/h2>\n\n\n\n<p class=\"translation-block\">Diese allgemeinen Bedingungen sollen die allgemeinen Benutzungsbedingungen der Website und die Dienste f\u00fcr den Benutzer festlegen und regeln.<br>Der Zugang zur Website und die Benutzung der Dienstleistungen unterliegen der Annahme der Benutzungsbedingungen inKraft, damit eingeschlossen die Annahme ohne Einschr\u00e4nkung oder Vorbehalt hiervon vom Benutzer.&nbsp;In der Tat muss der Benutzer die Benutzungsbedingnungen tats\u00e4chlich lesen, bevor er die Website besucht.<\/p>\n\n\n\n<p class=\"translation-block\">Wir wollen den Benutzer dar\u00fcber informieren, dass BesteAbos die aktuellen Benutzungsbedingungen zu jeder Zeit \u00e4ndern kann.<br>So, die inKraft und zug\u00e4nglich zur Website Bedingungen sind g\u00fcltig erst an dem Zeitpunkt, wo der&nbsp;Benutzer Zugang hat.&nbsp;Daher soll der Benutzer die Benutzungsbedingungen regelm\u00e4ssig konsultieren.<\/p>\n\n\n\n<h2 class=\"wp-block-heading\">Verf\u00fcgbare Dienste<\/h2>\n\n\n\n<p>Auf der Website BesteAbos.ch k\u00f6nnen die Nutzerinnen und Nutzer die verschiedenen Internet- und Mobilfunkangebote in der Schweiz vergleichen. Diese unabh\u00e4ngige Site funktioniert nicht f\u00fcr einen bestimmten Betreiber und erlaubt. Informationen \u00fcber Abonnements wie Preis, Dauer der Verpflichtung oder Art des Pakets k\u00f6nnen variieren, aber wir informieren die Benutzer, dass wir die Daten auf der Website so regelm\u00e4\u00dfig wie m\u00f6glich aktualisieren, um m\u00f6glichst klare und neutrale Informationen zu erhalten.<\/p>\n\n\n\n<h2 class=\"wp-block-heading\">Zugangsbedingungen und Verf\u00fcbbarkeit \u00fcber Dienste<\/h2>\n\n\n\n<p>Die Website BesteAbos und ihre Dienste sind durch einen Internet-Anschluss jedem Benutzer zug\u00e4nglich. Die BesteAbos Gesellschaft bestrebt sich, den Zugang zur Site und ihren Dienstleistungen rund um die Uhr, 7 Tage 7 zu erm\u00f6glichen, ausser in F\u00e4llen h\u00f6herer Gewalt oder einem Ereignis ausserhalb der Kontrolle der Gesellschaft und vorbehaltlich eventueller Pannen und Wartungarbeiten, die zur Websitefunktionsf\u00e4higkeit notwendig sind.&nbsp;Daher gibt das BesteAbos Unternehmen keine Garantie f\u00fcr die Verf\u00fcgbarkeit der Website\/oder Dienstleistungen, f\u00fcr \u00dcbertragungssicherheit und Leistung in Bezug auf Reaktionszeit und Qualit\u00e4t.<\/p>\n\n\n\n<p>Keine technische Unterst\u00fctzung ist f\u00fcr den Benutzer vorgesehen, weder durch elektronische noch telefonische Mittel.&nbsp;Keine Haftung wird f\u00fcr Zugangsunm\u00f6glichkeit zur Website und\/oder Benutzung der Dienste \u00fcbernommen.&nbsp;Dar\u00fcber hinaus kann BesteAbos die Website oder einen der Dienste zu jeder Zeit ohne Vorank\u00fcndigung auslaufen, all das ohne Anspruch auf Entsch\u00e4digung.&nbsp;Der Benutzer erkennt an und nimmt an, BesteAbos haftet nicht f\u00fcr Unterbrechungen und Folgen, die der Benutzer oder ein Dritter zur Folge haben kann.<\/p>\n\n\n\n<h2 class=\"wp-block-heading\">Verantwortung des Benutzers<\/h2>\n\n\n\n<p>Der Benutzer verpflichtet sich dazu, in angemessener Weise, in \u00dcbereinstimmung mit der Gesetzgebung, den geltenden Vorschriften und den allgemeinen Benutzungsbedingungen zur Website Zugang zu haben, sowie die Site und ihre Dienstleistungen zu benutzen.<\/p>\n\n\n\n<p class=\"translation-block\">Demnach darf der Benutzer nicht<br>\u2013 die Website und deren Dienstleistungen illegal verwenden und damit gegen Vorschriften und Regeln in Kraft verstossen, und im allgemeinen Interessen, Ansehen und BesteAbos Bild schaden.<br>\u2013 Ger\u00e4te oder Software verwenden, die die Betriebsf\u00e4higkeit der Site und deren Dienstleistungen befallen k\u00f6nnen, oder auch entnehmen, kopieren, alles oder nur teilweise die Datenbank der Site une deren Inhalts \u00e4ndern.<br>\u2013 Zugang zur Website und deren Dienstleistungen f\u00fcr illegale Zwecke haben, die sich nachteilig f\u00fcr den Ruf und das Image der Website und der Gesellschaft auswirken k\u00f6nnen.<br>Aus diesem Grund ist die Verbreitung und Sendung von allerlei Inhalten verboten, die den Benutzer schockieren und verstossen , die Rechte der Dritten und die Rechte am geistigen Eigentum verletzen k\u00f6nnen.<br>\u2013 Wiederverwenden, ganz oder teilweise Reproduktion der Website zu kommerziellen und\/oder privaten Zwecken illegal zu machen, dem Code of intellectual Property entgegen.<br>\u2013 Benutzer- und -Partnerdaten zu anderen kommerziellen Zwecken ausnutzen, als die von F\u00f6rderung und Verbreitung der Miet-und-Verkaufinserate von Parkpl\u00e4tzen.<br>\u2013 Benutzer-und-Partnerdaten ausnutzen, die auf der Website ver\u00f6ffentlicht werden, um unerw\u00fcnschte elektronische Post zu senden, insbesondere Spammingpraxis auszu\u00fcben (und\/oder wiederholte Massenverwendung an einen oder mehreren Empf\u00e4ngern).<\/p>\n\n\n\n<h2 class=\"wp-block-heading\">Garantie von BesteAbos.ch<\/h2>\n\n\n\n<p>BesteAbos.ch bietet Dienste an, die es den Benutzern erm\u00f6glichen, Mobil- und Internet-B\u00fcndel zu vergleichen. Die Informationen und\/oder Dokumente, die auf der Website erscheinen, stammen aus Quellen, die als zuverl\u00e4ssig gelten. Dennoch k\u00f6nnen bestimmte Informationen und\/oder Dokumente technische Ungenauigkeiten und Druckfehler enthalten, insbesondere in Bezug auf die folgenden Punkte:<\/p>\n\n\n\n<p class=\"translation-block\">\u2013 Der Preis der Pakete<br>\u2013 Die Beschreibung einiger Abonnements<\/p>\n\n\n\n<p>Es wird daher dringend empfohlen, die Richtigkeit und Relevanz der auf der Website zur Verf\u00fcgung gestellten Informationen und\/oder Dokumente zu \u00fcberpr\u00fcfen.<\/p>\n\n\n\n<p>Die auf der Website verf\u00fcgbaren Informationen und Materialien k\u00f6nnen zu jeder Zeit ge\u00e4ndert und aktualisiert werden. Insbesondere k\u00f6nnen sie Aktualisierung gehabt haben, zwischen der Zeit des Herunterladens und der, wo der Benutzer Kenntnis nimmt.<\/p>\n\n\n\n<p>BesteAbos.ch haftet auf keinen Fall f\u00fcr Sch\u00e4den jeder Art, die aus der Auslegung oder Anwendung von Informationen und\/oder Dokumenten entstehen k\u00f6nnen.<\/p>\n\n\n\n<h2 class=\"wp-block-heading\">Haftungsbeschr\u00e4nkung<\/h2>\n\n\n\n<p class=\"translation-block\">Jeder Benutzer ist f\u00fcr die Benutzung der Website und die online verf\u00fcgbaren Dienste verantwortlich. So, im Rahmen eines Verfahrens, das gegen den Benutzer wegen einer regelwidrigen Siteverwendung, kann BesteAbos.ch nicht f\u00fcr haftbar gemacht werden.<br>Die Website kann Links zu anderen Internetseiten enthalten. Mit diesen Links zu anderen Ressourcen verlassen Sie BesteAbos.ch. Die Gesellschaft haftet weder f\u00fcr den Inhalt dieser Sites noch f\u00fcr die darin eingeschlossenen Links, jegliche \u00c4nderungen und Aktualisierungen.<br>Daher \u00fcbernimmt BesteAbos.ch keine Haftung f\u00fcr mittelbare oder unmittelbare Sch\u00e4den, die aus fremden Internetseiten entstehen k\u00f6nnen.<\/p>\n\n\n\n<p>Die Gesellschaft verpflichtet sich, alle notwendigen Mittel zur Kontinuit\u00e4t der von der Site vorgeschlagenen Dienste anzuwenden. Dennoch lehnt sie jede Verantwortung ab im Falle von :<\/p>\n\n\n\n<p class=\"translation-block\">\u2013 Nichtverf\u00fcgbarkeit, Betriebsl\u00f6sungen, Funktionsst\u00f6rungen, \u00c4nderungen der von BesteAbos.ch vorgesehenen Leistungen, welches, was auch die Ursache sein mag.<br>\u2013 Websitenichtverf\u00fcgbarkeit wegen Netzwerkst\u00f6rungen wie Stromtelekommunikationsnetze.<br>\u2013 Sch\u00e4den, die durch unsachgem\u00e4sse Nutzung der Website vom Benutzer verursacht werden.<br>\u2013 Verlust der von BesteAbos.ch gespeicherten Daten und soweit dies gesetzlich zus\u00e4tlich ist, alle indirekte Sch\u00e4den, die die Sitedienste unbenuztbar machen.<br>\u2013 Site-hacking, das Sch\u00e4den an der Seite verursacht.<\/p>\n\n\n\n<h2 class=\"wp-block-heading\">Geistiges Eigentum<\/h2>\n\n\n\n<p class=\"translation-block\">Der allgemeine Aufbau der BesteAbos.ch Website, wie Texte, Slogans, Logos, Grafiken, Bilder, Sounds und Videos sind das ausschliessliche Eigentum der Gesellschaft.<br>Strengstens untersagt ist -gem\u00e4ss den Bestimmungen des code of intellectual property- jede Darstellung und\/oder Vervielf\u00e4ltigung und\/oder teilweise oder vollst\u00e4ndige Ausnutzung der vom BesteAbos.ch Site vorgeschlagenen Inhalte und Dienste, welche Mittel , was auch sein mag, ohne vorherige und schriftliche Genehmigung der Gesellschaft, und w\u00fcrde als F\u00e4lschung gelten, im Sinne der L335-2 Artikel und folgende des Code of Intellectual Property.<br>Die BesteAbos.ch Marke ist eine Schutzmarke der Parking Avenue Firma. Auch der Dom\u00e4nename BesteAbos.ch und die Tochtergesellschaften sind das ausschliessliche Eigentum der Gesellschaft.<br>Jede Darstellung und\/oder Vervielf\u00e4ltigung und\/oder teilweise oder vollst\u00e4ndige Ausn,utzung dieser Marken, welcher Art es auch sein mag, ist v\u00f6llig verboten.<br>BesteAbos.ch ist der Hersteller der Datenbank, die aus BesteAbos.ch im Sinne vom Artikel L 341-1 und folgende des Code of Intellectual Property besteht. Jede Extraktion, Vervielf\u00e4ltigung oder Verwendung der Dateninhalte, die nicht ausdr\u00fccklich erlaubt sind, kann zur Zivil-oder Strafverantwortung des Autors f\u00fchren.<br>BesteAbos.ch ist berechtigt, alle Rechtsmittel gegen Menschen einzulegen, die diesen Verbot nicht eingehalten haben.<\/p>\n\n\n\n<h2 class=\"wp-block-heading\">Rechtliche Hinweise<\/h2>\n\n\n\n<p>BesteAbos.ch Website wird von Parking-Avenue Gesellschaft ver\u00f6ffentlicht, dessen Firmenname \u00ab Parking Avenue \u00bb ist.<br>Parking Avenue ist eine Aktiengesellschaft mit einem Kapital von 20000 \u20ac, unter der Nummer 804 337 517 in Laval er Handelsregister eingeschrieben. Der Sitz der Gesellschaft befindet sich in Schweiz 41A Route des jeunes, 1227 Carouge-Gen\u00e8ve, Suisse. Die Website wird von Infomaniak gehostet in der Schweiz.<br>Auf der Website BesteAbos.ch k\u00f6nnen die Benutzerinnen und Benutzer Internet- und Mobilfunkangebote in der Schweiz vergleichen.<\/p>","protected":false},"excerpt":{"rendered":"<p>Impressum Diese Benutzungbedingungen sollen die Benutzung der Website Services BesteAbos.ch festlegen und regeln, sowie die Rechtsbeziehungen zwischen den Benutzern der Website und der Gesellschaft BesteAbos (nachfolgend \u00ab die Website \u00bb genannt) Herausgeber der Website.&nbsp;Diese allgemeinen Gesch\u00e4ftsbedingungen werden durch das BesteAbos Unternehmen den Benutzern zur Verf\u00fcgnung gestellt. Begriffsbestimmungen Anwendungbereich Diese allgemeinen Bedingungen sollen die allgemeinen Benutzungsbedingungen [&hellip;]<\/p>\n","protected":false},"author":1,"featured_media":0,"parent":0,"menu_order":16,"comment_status":"closed","ping_status":"closed","template":"","meta":{"_acf_changed":false,"footnotes":""},"class_list":["post-11","page","type-page","status-publish","hentry"],"blocksy_meta":{"styles_descriptor":{"styles":{"desktop":"","tablet":"","mobile":""},"google_fonts":[],"version":6}},"acf":[],"yoast_head":"<!-- This site is optimized with the Yoast SEO plugin v27.6 - https:\/\/yoast.com\/product\/yoast-seo-wordpress\/ -->\n<title>Impressum<\/title>\n<meta name=\"description\" content=\"Impressum\" \/>\n<meta name=\"robots\" content=\"noindex, nofollow\" \/>\n<meta property=\"og:locale\" content=\"en_GB\" \/>\n<meta property=\"og:type\" content=\"article\" \/>\n<meta property=\"og:title\" content=\"Impressum\" \/>\n<meta property=\"og:description\" content=\"Impressum\" \/>\n<meta property=\"og:url\" content=\"https:\/\/www.besteabos.ch\/en\/terms-conditions\/\" \/>\n<meta property=\"og:site_name\" content=\"BesteAbos.ch\" \/>\n<meta property=\"article:modified_time\" content=\"2025-10-16T10:37:59+00:00\" \/>\n<meta name=\"twitter:card\" content=\"summary_large_image\" \/>\n<meta name=\"twitter:label1\" content=\"Estimated reading time\" \/>\n\t<meta name=\"twitter:data1\" content=\"7 minutes\" \/>\n<script type=\"application\/ld+json\" class=\"yoast-schema-graph\">{\"@context\":\"https:\\\/\\\/schema.org\",\"@graph\":[{\"@type\":\"WebPage\",\"@id\":\"https:\\\/\\\/www.besteabos.ch\\\/impressum\\\/\",\"url\":\"https:\\\/\\\/www.besteabos.ch\\\/impressum\\\/\",\"name\":\"Impressum\",\"isPartOf\":{\"@id\":\"https:\\\/\\\/www.besteabos.ch\\\/#website\"},\"datePublished\":\"2021-02-04T08:02:00+00:00\",\"dateModified\":\"2025-10-16T10:37:59+00:00\",\"description\":\"Impressum\",\"breadcrumb\":{\"@id\":\"https:\\\/\\\/www.besteabos.ch\\\/impressum\\\/#breadcrumb\"},\"inLanguage\":\"en-GB\",\"potentialAction\":[{\"@type\":\"ReadAction\",\"target\":[\"https:\\\/\\\/www.besteabos.ch\\\/impressum\\\/\"]}]},{\"@type\":\"BreadcrumbList\",\"@id\":\"https:\\\/\\\/www.besteabos.ch\\\/impressum\\\/#breadcrumb\",\"itemListElement\":[{\"@type\":\"ListItem\",\"position\":1,\"name\":\"Home\",\"item\":\"https:\\\/\\\/www.besteabos.ch\\\/\"},{\"@type\":\"ListItem\",\"position\":2,\"name\":\"impressum\"}]},{\"@type\":\"WebSite\",\"@id\":\"https:\\\/\\\/www.besteabos.ch\\\/#website\",\"url\":\"https:\\\/\\\/www.besteabos.ch\\\/\",\"name\":\"BesteAbos.ch\",\"description\":\"Handy-Abo und Internet der Schweiz im Vergleich\",\"publisher\":{\"@id\":\"https:\\\/\\\/www.besteabos.ch\\\/#organization\"},\"alternateName\":\"Handy-Abo und Internet der Schweiz im Vergleich\",\"potentialAction\":[{\"@type\":\"SearchAction\",\"target\":{\"@type\":\"EntryPoint\",\"urlTemplate\":\"https:\\\/\\\/www.besteabos.ch\\\/?s={search_term_string}\"},\"query-input\":{\"@type\":\"PropertyValueSpecification\",\"valueRequired\":true,\"valueName\":\"search_term_string\"}}],\"inLanguage\":\"en-GB\"},{\"@type\":\"Organization\",\"@id\":\"https:\\\/\\\/www.besteabos.ch\\\/#organization\",\"name\":\"BesteAbos.ch\",\"alternateName\":\"Handy-Abo und Internet der Schweiz im Vergleich\",\"url\":\"https:\\\/\\\/www.besteabos.ch\\\/\",\"logo\":{\"@type\":\"ImageObject\",\"inLanguage\":\"en-GB\",\"@id\":\"https:\\\/\\\/www.besteabos.ch\\\/#\\\/schema\\\/logo\\\/image\\\/\",\"url\":\"https:\\\/\\\/www.besteabos.ch\\\/wp-content\\\/uploads\\\/2025\\\/01\\\/besteabos-blanc-1.png\",\"contentUrl\":\"https:\\\/\\\/www.besteabos.ch\\\/wp-content\\\/uploads\\\/2025\\\/01\\\/besteabos-blanc-1.png\",\"width\":3930,\"height\":893,\"caption\":\"BesteAbos.ch\"},\"image\":{\"@id\":\"https:\\\/\\\/www.besteabos.ch\\\/#\\\/schema\\\/logo\\\/image\\\/\"}}]}<\/script>\n<!-- \/ Yoast SEO plugin. -->","yoast_head_json":{"title":"Terms &amp; conditions","description":"Terms &amp; conditions","robots":{"index":"noindex","follow":"nofollow"},"og_locale":"en_GB","og_type":"article","og_title":"Impressum","og_description":"Impressum","og_url":"https:\/\/www.besteabos.ch\/en\/terms-conditions\/","og_site_name":"BesteAbos.ch","article_modified_time":"2025-10-16T10:37:59+00:00","twitter_card":"summary_large_image","twitter_misc":{"Estimated reading time":"7 minutes"},"schema":{"@context":"https:\/\/schema.org","@graph":[{"@type":"WebPage","@id":"https:\/\/www.besteabos.ch\/impressum\/","url":"https:\/\/www.besteabos.ch\/impressum\/","name":"Terms &amp; conditions","isPartOf":{"@id":"https:\/\/www.besteabos.ch\/#website"},"datePublished":"2021-02-04T08:02:00+00:00","dateModified":"2025-10-16T10:37:59+00:00","description":"Terms &amp; conditions","breadcrumb":{"@id":"https:\/\/www.besteabos.ch\/impressum\/#breadcrumb"},"inLanguage":"en-GB","potentialAction":[{"@type":"ReadAction","target":["https:\/\/www.besteabos.ch\/impressum\/"]}]},{"@type":"BreadcrumbList","@id":"https:\/\/www.besteabos.ch\/impressum\/#breadcrumb","itemListElement":[{"@type":"ListItem","position":1,"name":"Home","item":"https:\/\/www.besteabos.ch\/"},{"@type":"ListItem","position":2,"name":"impressum"}]},{"@type":"WebSite","@id":"https:\/\/www.besteabos.ch\/#website","url":"https:\/\/www.besteabos.ch\/","name":"BesteAbos.ch","description":"Handy-Abo und Internet der Schweiz im Vergleich","publisher":{"@id":"https:\/\/www.besteabos.ch\/#organization"},"alternateName":"Handy-Abo und Internet der Schweiz im Vergleich","potentialAction":[{"@type":"SearchAction","target":{"@type":"EntryPoint","urlTemplate":"https:\/\/www.besteabos.ch\/?s={search_term_string}"},"query-input":{"@type":"PropertyValueSpecification","valueRequired":true,"valueName":"search_term_string"}}],"inLanguage":"en-GB"},{"@type":"Organization","@id":"https:\/\/www.besteabos.ch\/#organization","name":"BesteAbos.ch","alternateName":"Handy-Abo und Internet der Schweiz im Vergleich","url":"https:\/\/www.besteabos.ch\/","logo":{"@type":"ImageObject","inLanguage":"en-GB","@id":"https:\/\/www.besteabos.ch\/#\/schema\/logo\/image\/","url":"https:\/\/www.besteabos.ch\/wp-content\/uploads\/2025\/01\/besteabos-blanc-1.png","contentUrl":"https:\/\/www.besteabos.ch\/wp-content\/uploads\/2025\/01\/besteabos-blanc-1.png","width":3930,"height":893,"caption":"BesteAbos.ch"},"image":{"@id":"https:\/\/www.besteabos.ch\/#\/schema\/logo\/image\/"}}]}},"_links":{"self":[{"href":"https:\/\/www.besteabos.ch\/en\/wp-json\/wp\/v2\/pages\/11","targetHints":{"allow":["GET"]}}],"collection":[{"href":"https:\/\/www.besteabos.ch\/en\/wp-json\/wp\/v2\/pages"}],"about":[{"href":"https:\/\/www.besteabos.ch\/en\/wp-json\/wp\/v2\/types\/page"}],"author":[{"embeddable":true,"href":"https:\/\/www.besteabos.ch\/en\/wp-json\/wp\/v2\/users\/1"}],"replies":[{"embeddable":true,"href":"https:\/\/www.besteabos.ch\/en\/wp-json\/wp\/v2\/comments?post=11"}],"version-history":[{"count":0,"href":"https:\/\/www.besteabos.ch\/en\/wp-json\/wp\/v2\/pages\/11\/revisions"}],"wp:attachment":[{"href":"https:\/\/www.besteabos.ch\/en\/wp-json\/wp\/v2\/media?parent=11"}],"curies":[{"name":"wp","href":"https:\/\/api.w.org\/{rel}","templated":true}]}}