{"id":11,"date":"2021-02-04T09:02:00","date_gmt":"2021-02-04T08:02:00","guid":{"rendered":"https:\/\/www.besteabos.ch\/?page_id=11"},"modified":"2025-10-16T12:37:59","modified_gmt":"2025-10-16T10:37:59","slug":"condizioni-servizio","status":"publish","type":"page","link":"https:\/\/www.besteabos.ch\/it\/impressum\/","title":{"rendered":"impressum"},"content":{"rendered":"<div style=\"height:20px\" aria-hidden=\"true\" class=\"wp-block-spacer\"><\/div>\n\n\n\n<h1 class=\"wp-block-heading\">Condizioni di Utilizzo<\/h1>\n\n\n\n<p>I presenti termini e condizioni d'uso hanno lo scopo di definire e regolare l'utilizzo dei servizi del sito web BesteAbos.ch e il rapporto giuridico tra gli utenti del sito web e la societ\u00e0 BesteAbos (di seguito denominata \u201cil sito web\u201d), editore del sito web. I presenti termini e condizioni generali sono messi a disposizione degli utenti dalla societ\u00e0 BesteAbos.<\/p>\n\n\n\n<h2 class=\"wp-block-heading\">Defini<\/h2>\n\n\n\n<ul class=\"wp-block-list\">\n<li>Servizi : indica i servizi forniti dalla Societ\u00e0 sul suo sito web.<\/li>\n\n\n\n<li>Sito web: indica il Sito web di BesteAbos al quale l'Utente On-line ha accesso.<\/li>\n\n\n\n<li>Societ\u00e0 : indica la Societ\u00e0 BesteAbos.<\/li>\n\n\n\n<li>Utente : indica qualsiasi persona fisica o giuridica che ha accesso al sito web BesteAbos.ch per uso privato o commerciale.<\/li>\n<\/ul>\n\n\n\n<h2 class=\"wp-block-heading\">Ambito di applicazione<\/h2>\n\n\n\n<p class=\"translation-block\">Le presenti condizioni generali hanno lo scopo di definire e regolare le condizioni generali di utilizzo del sito web e dei servizi forniti all'utente.\nL'accesso al Sito e l'utilizzo dei Servizi sono subordinati all'accettazione delle Condizioni d'uso in vigore, compresa l'accettazione senza limitazioni o riserve da parte dell'Utente. L'Utente deve infatti leggere le Condizioni d'uso prima di accedere al Sito.<\/p>\n\n\n\n<p class=\"translation-block\">Desideriamo informare l'Utente che BesteAbos pu\u00f2 modificare in qualsiasi momento le attuali Condizioni d'uso.\nPertanto, i termini e le condizioni in vigore e accessibili al sito web sono validi solo nel momento in cui l'utente vi accede. Pertanto, l'Utente \u00e8 tenuto a consultare regolarmente le Condizioni d'uso.<\/p>\n\n\n\n<h2 class=\"wp-block-heading\">Servizi disponibili<\/h2>\n\n\n\n<p>Sul sito BesteAbos.ch gli utenti possono confrontare le varie offerte di Internet e telefonia mobile in Svizzera. Questo sito indipendente non lavora per nessun operatore n\u00e9 lo autorizza. Le informazioni sugli abbonamenti, come il prezzo, la durata dell'impegno o il tipo di pacchetto, possono variare, ma informiamo gli utenti che aggiorniamo i dati sul sito il pi\u00f9 regolarmente possibile per fornire informazioni il pi\u00f9 possibile chiare e neutrali.<\/p>\n\n\n\n<h2 class=\"wp-block-heading\">Condizioni di accesso e disponibilit\u00e0 dei servizi<\/h2>\n\n\n\n<p>Il sito web di BesteAbos e i suoi servizi sono accessibili a qualsiasi utente che disponga di una connessione a Internet. La societ\u00e0 BesteAbos si impegna a fornire l'accesso al sito e ai suoi servizi 24 ore su 24, 7 giorni su 7, salvo casi di forza maggiore o eventi al di fuori del controllo della societ\u00e0 e fatti salvi eventuali guasti e lavori di manutenzione necessari al funzionamento del sito. Pertanto, BesteAbos non garantisce la disponibilit\u00e0 del Sito e\/o dei Servizi, l'affidabilit\u00e0 della trasmissione e le prestazioni in termini di tempi di risposta e qualit\u00e0.<\/p>\n\n\n\n<p>Non \u00e8 previsto alcun supporto tecnico per l'utente, n\u00e9 per via elettronica n\u00e9 per via telefonica. Non si assume alcuna responsabilit\u00e0 per l'impossibilit\u00e0 di accedere al Sito e\/o di utilizzare i Servizi. Inoltre, BesteAbos pu\u00f2 interrompere il Sito web o uno qualsiasi dei Servizi in qualsiasi momento e senza preavviso, senza alcun diritto di risarcimento. L'Utente riconosce e accetta che BesteAbos non \u00e8 responsabile di eventuali interruzioni e conseguenze che l'Utente o terzi possono causare.<\/p>\n\n\n\n<h2 class=\"wp-block-heading\">Responsabilit\u00e0 dell'utente<\/h2>\n\n\n\n<p>L'Utente si impegna ad accedere e utilizzare il Sito e i suoi servizi in modo ragionevole, nel rispetto della legge, delle normative vigenti e delle condizioni generali di utilizzo.<\/p>\n\n\n\n<p class=\"translation-block\">- utilizzare il Sito e i suoi servizi in modo illegale, violando cos\u00ec le norme e i regolamenti in vigore e, in generale, danneggiando gli interessi, la reputazione e l'immagine di BesteAbo.<br>\n- Utilizzare qualsiasi dispositivo o software che possa interferire con il funzionamento del Sito e dei suoi servizi, o estrarre, copiare, modificare in tutto o in parte il database del Sito e i suoi contenuti.<br>\n- Accedere al Sito e ai suoi servizi per scopi illegali che possano nuocere alla reputazione e all'immagine del Sito e della Societ\u00e0.\nPer questo motivo, \u00e8 vietata la diffusione e la trasmissione di qualsiasi contenuto che possa scandalizzare e offendere l'utente, violare i diritti di terzi e i diritti di propriet\u00e0 intellettuale.<br>\n- Il riutilizzo, la riproduzione totale o parziale del sito per scopi commerciali e\/o privati \u00e8 illegale, in contrasto con il Codice della Propriet\u00e0 Intellettuale.<br>\n- Sfruttare i dati degli utenti e dei partner per scopi commerciali diversi dalla promozione e diffusione di annunci di noleggio e vendita di parcheggi.<br>\n- Sfruttare i dati degli utenti e dei partner pubblicati sul sito web per l'invio di posta elettronica non richiesta, in particolare per pratiche di spamming (e\/o invio ripetuto di massa a uno o pi\u00f9 destinatari).<\/p>\n\n\n\n<h2 class=\"wp-block-heading\">Garanzia di BesteAbos.ch<\/h2>\n\n\n\n<p>BesteAbos.ch offre servizi che consentono agli utenti di confrontare le offerte di telefonia mobile e Internet. Le informazioni e\/o i documenti che appaiono sul sito provengono da fonti considerate affidabili. Tuttavia, alcune informazioni e\/o documenti possono contenere imprecisioni tecniche ed errori tipografici, in particolare per quanto riguarda i seguenti punti:<\/p>\n\n\n\n<p class=\"translation-block\">- Il prezzo dei pacchetti\n- La descrizione di alcuni abbonamenti<\/p>\n\n\n\n<p>Si raccomanda pertanto di verificare l'accuratezza e la pertinenza delle informazioni e\/o dei documenti resi disponibili sul Sito web.<\/p>\n\n\n\n<p>Le informazioni e i materiali disponibili sul Sito web possono essere modificati e aggiornati in qualsiasi momento. In particolare, potrebbero essere stati aggiornati tra il momento del download e quello in cui l'utente ne viene a conoscenza.<\/p>\n\n\n\n<p>BesteAbos.ch non sar\u00e0 in alcun caso responsabile di eventuali danni di qualsiasi tipo che possano derivare dall'interpretazione o dall'utilizzo delle informazioni e\/o dei documenti.<\/p>\n\n\n\n<h2 class=\"wp-block-heading\">Limitazione di responsabilit\u00e0<\/h2>\n\n\n\n<p class=\"translation-block\">Ogni utente \u00e8 responsabile dell'utilizzo del sito e dei servizi disponibili online. Pertanto, BesteAbos.ch non pu\u00f2 essere ritenuta responsabile nell'ambito di procedimenti intentati contro l'utente per un uso improprio del sito.\nIl sito web pu\u00f2 contenere link ad altri siti Internet. Seguendo questi link ad altre risorse, si esce da BesteAbos.ch. L'azienda non \u00e8 responsabile del contenuto di questi siti, n\u00e9 dei link in essi contenuti, n\u00e9 di eventuali modifiche o aggiornamenti.BesteAbos.ch non si assume pertanto alcuna responsabilit\u00e0 per eventuali danni diretti o indiretti che possano derivare da siti web di terzi.<\/p>\n\n\n\n<p>L'azienda si impegna a utilizzare tutti i mezzi necessari per garantire la continuit\u00e0 dei servizi proposti dal sito. Tuttavia, declina ogni responsabilit\u00e0 in caso di :<\/p>\n\n\n\n<p class=\"translation-block\">- Indisponibilit\u00e0, soluzioni operative, malfunzionamenti, modifiche ai servizi forniti da BesteAbos.ch, qualunque ne sia la causa.\n- Indisponibilit\u00e0 del sito web a causa di guasti alla rete, ad esempio alle reti di telecomunicazione.\n- Danni causati da un uso improprio del sito web da parte dell'utente.\n- Perdita di dati memorizzati da BesteAbos.ch e, nella misura consentita dalla legge, qualsiasi danno indiretto che renda inutilizzabili i servizi del sito.\n- Hackeraggio del sito che provochi danni al sito stesso.<\/p>\n\n\n\n<h2 class=\"wp-block-heading\">Propriet\u00e0 intellettuale<\/h2>\n\n\n\n<p class=\"translation-block\">La struttura generale del sito BesteAbos.ch, come testi, slogan, loghi, grafici, immagini, suoni e video sono di propriet\u00e0 esclusiva della societ\u00e0.\nIn conformit\u00e0 alle disposizioni del Codice della Propriet\u00e0 Intellettuale, qualsiasi rappresentazione e\/o riproduzione e\/o sfruttamento parziale o totale dei contenuti e dei servizi proposti dal sito BesteAbos.ch, con qualsiasi mezzo, senza l'autorizzazione preventiva e scritta della Societ\u00e0, \u00e8 severamente vietata e sarebbe considerata una contraffazione, ai sensi degli articoli L335-2 e seguenti del Codice della Propriet\u00e0 Intellettuale.\nIl marchio BesteAbos.ch \u00e8 un marchio della societ\u00e0 Parking Avenue. Anche il nome di dominio BesteAbos.ch e le sue filiali sono di propriet\u00e0 esclusiva della societ\u00e0.\nQualsiasi rappresentazione e\/o riproduzione e\/o utilizzo parziale o totale di questi marchi, di qualsiasi natura, \u00e8 severamente vietato.\nBesteAbos.ch \u00e8 il produttore del database costituito da BesteAbos.ch ai sensi dell'articolo L 341-1 e seguenti del Codice della propriet\u00e0 intellettuale. Qualsiasi estrazione, riproduzione o utilizzo del contenuto dei dati non espressamente autorizzato pu\u00f2 comportare la responsabilit\u00e0 civile o penale dell'autore.\nBesteAbos.ch \u00e8 autorizzata a intraprendere qualsiasi azione legale contro coloro che non hanno rispettato questo divieto.<\/p>\n\n\n\n<h2 class=\"wp-block-heading\">Nota lega<\/h2>\n\n\n\n<p>BesteAbos.ch Website wird von Parking-Avenue Gesellschaft ver\u00f6ffentlicht, dessen Firmenname \u00ab Parking Avenue \u00bb ist.<br>Parking Avenue ist eine Aktiengesellschaft mit einem Kapital von 20000 \u20ac, unter der Nummer 804 337 517 in Laval er Handelsregister eingeschrieben. Der Sitz der Gesellschaft befindet sich in Schweiz 41A Route des jeunes, 1227 Carouge-Gen\u00e8ve, Suisse. Die Website wird von Infomaniak gehostet in der Schweiz.<br>Auf der Website BesteAbos.ch k\u00f6nnen die Benutzerinnen und Benutzer Internet- und Mobilfunkangebote in der Schweiz vergleichen.<\/p>","protected":false},"excerpt":{"rendered":"<p>Impressum Diese Benutzungbedingungen sollen die Benutzung der Website Services BesteAbos.ch festlegen und regeln, sowie die Rechtsbeziehungen zwischen den Benutzern der Website und der Gesellschaft BesteAbos (nachfolgend \u00ab die Website \u00bb genannt) Herausgeber der Website.&nbsp;Diese allgemeinen Gesch\u00e4ftsbedingungen werden durch das BesteAbos Unternehmen den Benutzern zur Verf\u00fcgnung gestellt. Begriffsbestimmungen Anwendungbereich Diese allgemeinen Bedingungen sollen die allgemeinen Benutzungsbedingungen [&hellip;]<\/p>\n","protected":false},"author":1,"featured_media":0,"parent":0,"menu_order":16,"comment_status":"closed","ping_status":"closed","template":"","meta":{"_acf_changed":false,"footnotes":""},"class_list":["post-11","page","type-page","status-publish","hentry"],"blocksy_meta":{"styles_descriptor":{"styles":{"desktop":"","tablet":"","mobile":""},"google_fonts":[],"version":6}},"acf":[],"yoast_head":"<!-- This site is optimized with the Yoast SEO plugin v27.6 - https:\/\/yoast.com\/product\/yoast-seo-wordpress\/ -->\n<title>Impressum<\/title>\n<meta name=\"description\" content=\"Impressum\" \/>\n<meta name=\"robots\" content=\"noindex, nofollow\" \/>\n<meta property=\"og:locale\" content=\"it_IT\" \/>\n<meta property=\"og:type\" content=\"article\" \/>\n<meta property=\"og:title\" content=\"Impressum\" \/>\n<meta property=\"og:description\" content=\"Impressum\" \/>\n<meta property=\"og:url\" content=\"https:\/\/www.besteabos.ch\/it\/condizioni-servizio\/\" \/>\n<meta property=\"og:site_name\" content=\"BesteAbos.ch\" \/>\n<meta property=\"article:modified_time\" content=\"2025-10-16T10:37:59+00:00\" \/>\n<meta name=\"twitter:card\" content=\"summary_large_image\" \/>\n<meta name=\"twitter:label1\" content=\"Tempo di lettura stimato\" \/>\n\t<meta name=\"twitter:data1\" content=\"7 minuti\" \/>\n<script type=\"application\/ld+json\" class=\"yoast-schema-graph\">{\"@context\":\"https:\\\/\\\/schema.org\",\"@graph\":[{\"@type\":\"WebPage\",\"@id\":\"https:\\\/\\\/www.besteabos.ch\\\/impressum\\\/\",\"url\":\"https:\\\/\\\/www.besteabos.ch\\\/impressum\\\/\",\"name\":\"Impressum\",\"isPartOf\":{\"@id\":\"https:\\\/\\\/www.besteabos.ch\\\/#website\"},\"datePublished\":\"2021-02-04T08:02:00+00:00\",\"dateModified\":\"2025-10-16T10:37:59+00:00\",\"description\":\"Impressum\",\"breadcrumb\":{\"@id\":\"https:\\\/\\\/www.besteabos.ch\\\/impressum\\\/#breadcrumb\"},\"inLanguage\":\"it-IT\",\"potentialAction\":[{\"@type\":\"ReadAction\",\"target\":[\"https:\\\/\\\/www.besteabos.ch\\\/impressum\\\/\"]}]},{\"@type\":\"BreadcrumbList\",\"@id\":\"https:\\\/\\\/www.besteabos.ch\\\/impressum\\\/#breadcrumb\",\"itemListElement\":[{\"@type\":\"ListItem\",\"position\":1,\"name\":\"Home\",\"item\":\"https:\\\/\\\/www.besteabos.ch\\\/\"},{\"@type\":\"ListItem\",\"position\":2,\"name\":\"impressum\"}]},{\"@type\":\"WebSite\",\"@id\":\"https:\\\/\\\/www.besteabos.ch\\\/#website\",\"url\":\"https:\\\/\\\/www.besteabos.ch\\\/\",\"name\":\"BesteAbos.ch\",\"description\":\"Handy-Abo und Internet der Schweiz im Vergleich\",\"publisher\":{\"@id\":\"https:\\\/\\\/www.besteabos.ch\\\/#organization\"},\"alternateName\":\"Handy-Abo und Internet der Schweiz im Vergleich\",\"potentialAction\":[{\"@type\":\"SearchAction\",\"target\":{\"@type\":\"EntryPoint\",\"urlTemplate\":\"https:\\\/\\\/www.besteabos.ch\\\/?s={search_term_string}\"},\"query-input\":{\"@type\":\"PropertyValueSpecification\",\"valueRequired\":true,\"valueName\":\"search_term_string\"}}],\"inLanguage\":\"it-IT\"},{\"@type\":\"Organization\",\"@id\":\"https:\\\/\\\/www.besteabos.ch\\\/#organization\",\"name\":\"BesteAbos.ch\",\"alternateName\":\"Handy-Abo und Internet der Schweiz im Vergleich\",\"url\":\"https:\\\/\\\/www.besteabos.ch\\\/\",\"logo\":{\"@type\":\"ImageObject\",\"inLanguage\":\"it-IT\",\"@id\":\"https:\\\/\\\/www.besteabos.ch\\\/#\\\/schema\\\/logo\\\/image\\\/\",\"url\":\"https:\\\/\\\/www.besteabos.ch\\\/wp-content\\\/uploads\\\/2025\\\/01\\\/besteabos-blanc-1.png\",\"contentUrl\":\"https:\\\/\\\/www.besteabos.ch\\\/wp-content\\\/uploads\\\/2025\\\/01\\\/besteabos-blanc-1.png\",\"width\":3930,\"height\":893,\"caption\":\"BesteAbos.ch\"},\"image\":{\"@id\":\"https:\\\/\\\/www.besteabos.ch\\\/#\\\/schema\\\/logo\\\/image\\\/\"}}]}<\/script>\n<!-- \/ Yoast SEO plugin. -->","yoast_head_json":{"title":"Condizioni di Utilizzo","description":"Condizioni di Utilizzo","robots":{"index":"noindex","follow":"nofollow"},"og_locale":"it_IT","og_type":"article","og_title":"Impressum","og_description":"Impressum","og_url":"https:\/\/www.besteabos.ch\/it\/condizioni-servizio\/","og_site_name":"BesteAbos.ch","article_modified_time":"2025-10-16T10:37:59+00:00","twitter_card":"summary_large_image","twitter_misc":{"Tempo di lettura stimato":"7 minuti"},"schema":{"@context":"https:\/\/schema.org","@graph":[{"@type":"WebPage","@id":"https:\/\/www.besteabos.ch\/impressum\/","url":"https:\/\/www.besteabos.ch\/impressum\/","name":"Condizioni di Utilizzo","isPartOf":{"@id":"https:\/\/www.besteabos.ch\/#website"},"datePublished":"2021-02-04T08:02:00+00:00","dateModified":"2025-10-16T10:37:59+00:00","description":"Condizioni di Utilizzo","breadcrumb":{"@id":"https:\/\/www.besteabos.ch\/impressum\/#breadcrumb"},"inLanguage":"it-IT","potentialAction":[{"@type":"ReadAction","target":["https:\/\/www.besteabos.ch\/impressum\/"]}]},{"@type":"BreadcrumbList","@id":"https:\/\/www.besteabos.ch\/impressum\/#breadcrumb","itemListElement":[{"@type":"ListItem","position":1,"name":"Home","item":"https:\/\/www.besteabos.ch\/"},{"@type":"ListItem","position":2,"name":"impressum"}]},{"@type":"WebSite","@id":"https:\/\/www.besteabos.ch\/#website","url":"https:\/\/www.besteabos.ch\/","name":"BesteAbos.ch","description":"Handy-Abo und Internet der Schweiz im Vergleich","publisher":{"@id":"https:\/\/www.besteabos.ch\/#organization"},"alternateName":"Handy-Abo und Internet der Schweiz im Vergleich","potentialAction":[{"@type":"SearchAction","target":{"@type":"EntryPoint","urlTemplate":"https:\/\/www.besteabos.ch\/?s={search_term_string}"},"query-input":{"@type":"PropertyValueSpecification","valueRequired":true,"valueName":"search_term_string"}}],"inLanguage":"it-IT"},{"@type":"Organization","@id":"https:\/\/www.besteabos.ch\/#organization","name":"BesteAbos.ch","alternateName":"Handy-Abo und Internet der Schweiz im Vergleich","url":"https:\/\/www.besteabos.ch\/","logo":{"@type":"ImageObject","inLanguage":"it-IT","@id":"https:\/\/www.besteabos.ch\/#\/schema\/logo\/image\/","url":"https:\/\/www.besteabos.ch\/wp-content\/uploads\/2025\/01\/besteabos-blanc-1.png","contentUrl":"https:\/\/www.besteabos.ch\/wp-content\/uploads\/2025\/01\/besteabos-blanc-1.png","width":3930,"height":893,"caption":"BesteAbos.ch"},"image":{"@id":"https:\/\/www.besteabos.ch\/#\/schema\/logo\/image\/"}}]}},"_links":{"self":[{"href":"https:\/\/www.besteabos.ch\/it\/wp-json\/wp\/v2\/pages\/11","targetHints":{"allow":["GET"]}}],"collection":[{"href":"https:\/\/www.besteabos.ch\/it\/wp-json\/wp\/v2\/pages"}],"about":[{"href":"https:\/\/www.besteabos.ch\/it\/wp-json\/wp\/v2\/types\/page"}],"author":[{"embeddable":true,"href":"https:\/\/www.besteabos.ch\/it\/wp-json\/wp\/v2\/users\/1"}],"replies":[{"embeddable":true,"href":"https:\/\/www.besteabos.ch\/it\/wp-json\/wp\/v2\/comments?post=11"}],"version-history":[{"count":0,"href":"https:\/\/www.besteabos.ch\/it\/wp-json\/wp\/v2\/pages\/11\/revisions"}],"wp:attachment":[{"href":"https:\/\/www.besteabos.ch\/it\/wp-json\/wp\/v2\/media?parent=11"}],"curies":[{"name":"wp","href":"https:\/\/api.w.org\/{rel}","templated":true}]}}